{"id":350,"date":"2025-12-10T13:48:58","date_gmt":"2025-12-10T12:48:58","guid":{"rendered":"https:\/\/www.terramar-inmobiliaria.com\/sobre-nosaltres\/"},"modified":"2026-02-23T11:57:09","modified_gmt":"2026-02-23T10:57:09","slug":"sobre-nosaltres","status":"publish","type":"page","link":"https:\/\/www.terramar-inmobiliaria.com\/ca\/sobre-nosaltres\/","title":{"rendered":"Sobre Nosaltres"},"content":{"rendered":"\t\t<div data-elementor-type=\"wp-page\" data-elementor-id=\"350\" class=\"elementor elementor-350 elementor-43\" data-elementor-post-type=\"page\">\n\t\t\t\t<div class=\"elementor-element elementor-element-239e880 e-flex e-con-boxed e-con e-parent\" data-id=\"239e880\" data-element_type=\"container\" data-e-type=\"container\">\n\t\t\t\t\t<div class=\"e-con-inner\">\n\t\t<div class=\"elementor-element elementor-element-c0db58f e-con-full e-flex e-con e-child\" data-id=\"c0db58f\" data-element_type=\"container\" data-e-type=\"container\">\n\t\t\t\t<div class=\"elementor-element elementor-element-97a41dd elementor-widget elementor-widget-heading\" data-id=\"97a41dd\" data-element_type=\"widget\" data-e-type=\"widget\" data-widget_type=\"heading.default\">\n\t\t\t\t\t<h1 class=\"elementor-heading-title elementor-size-default\">Sobre Nosaltres<\/h1>\t\t\t\t<\/div>\n\t\t\t\t<\/div>\n\t\t\t\t\t<\/div>\n\t\t\t\t<\/div>\n\t\t<div class=\"elementor-element elementor-element-43267d4 e-flex e-con-boxed e-con e-parent\" data-id=\"43267d4\" data-element_type=\"container\" data-e-type=\"container\">\n\t\t\t\t\t<div class=\"e-con-inner\">\n\t\t<div class=\"elementor-element elementor-element-150d374 e-con-full e-flex e-con e-child\" data-id=\"150d374\" data-element_type=\"container\" data-e-type=\"container\">\n\t\t\t\t<div class=\"elementor-element elementor-element-3e18710 elementor-widget elementor-widget-image\" data-id=\"3e18710\" data-element_type=\"widget\" data-e-type=\"widget\" data-widget_type=\"image.default\">\n\t\t\t\t\t\t\t\t\t\t\t\t\t\t\t<img fetchpriority=\"high\" decoding=\"async\" width=\"800\" height=\"800\" src=\"https:\/\/www.terramar-inmobiliaria.com\/wp-content\/uploads\/2025\/12\/nosotros-ftd-1024x1024.webp\" class=\"attachment-large size-large wp-image-347\" alt=\"\" srcset=\"https:\/\/www.terramar-inmobiliaria.com\/wp-content\/uploads\/2025\/12\/nosotros-ftd-1024x1024.webp 1024w, https:\/\/www.terramar-inmobiliaria.com\/wp-content\/uploads\/2025\/12\/nosotros-ftd-300x300.webp 300w, https:\/\/www.terramar-inmobiliaria.com\/wp-content\/uploads\/2025\/12\/nosotros-ftd-150x150.webp 150w, https:\/\/www.terramar-inmobiliaria.com\/wp-content\/uploads\/2025\/12\/nosotros-ftd-768x768.webp 768w, https:\/\/www.terramar-inmobiliaria.com\/wp-content\/uploads\/2025\/12\/nosotros-ftd.webp 1123w\" sizes=\"(max-width: 800px) 100vw, 800px\" \/>\t\t\t\t\t\t\t\t\t\t\t\t\t\t\t<\/div>\n\t\t\t\t<\/div>\n\t\t<div class=\"elementor-element elementor-element-b01591c e-con-full e-flex e-con e-child\" data-id=\"b01591c\" data-element_type=\"container\" data-e-type=\"container\">\n\t\t<div class=\"elementor-element elementor-element-34e1097 e-con-full e-flex e-con e-child\" data-id=\"34e1097\" data-element_type=\"container\" data-e-type=\"container\">\n\t\t\t\t<div class=\"elementor-element elementor-element-fabe851 elementor-widget elementor-widget-heading\" data-id=\"fabe851\" data-element_type=\"widget\" data-e-type=\"widget\" data-widget_type=\"heading.default\">\n\t\t\t\t\t<span class=\"elementor-heading-title elementor-size-default\">QUI SOM<\/span>\t\t\t\t<\/div>\n\t\t\t\t<div class=\"elementor-element elementor-element-6c5f1b4 elementor-widget elementor-widget-heading\" data-id=\"6c5f1b4\" data-element_type=\"widget\" data-e-type=\"widget\" data-widget_type=\"heading.default\">\n\t\t\t\t\t<h2 class=\"elementor-heading-title elementor-size-default\">Una ag\u00e8ncia immobili\u00e0ria local, professional i orientada a resultats<\/h2>\t\t\t\t<\/div>\n\t\t\t\t<\/div>\n\t\t\t\t<div class=\"elementor-element elementor-element-7245a4a elementor-widget elementor-widget-text-editor\" data-id=\"7245a4a\" data-element_type=\"widget\" data-e-type=\"widget\" data-widget_type=\"text-editor.default\">\n\t\t\t\t\t\t\t\t\t<p>A Terramar Castelldefels treballem amb una idea molt clara: oferir un servei immobiliari modern i transparent, adaptat a les necessitats reals de cada client. Entenem el mercat local i acompanyem cada transacci\u00f3 amb rigor, dedicaci\u00f3 i atenci\u00f3 personalitzada de principi a fi.<\/p>\t\t\t\t\t\t\t\t<\/div>\n\t\t\t\t<div class=\"elementor-element elementor-element-9605108 elementor-widget elementor-widget-button\" data-id=\"9605108\" data-element_type=\"widget\" data-e-type=\"widget\" data-widget_type=\"button.default\">\n\t\t\t\t\t\t\t\t\t\t<a class=\"elementor-button elementor-size-sm\" role=\"button\">\n\t\t\t\t\t\t<span class=\"elementor-button-content-wrapper\">\n\t\t\t\t\t\t<span class=\"elementor-button-icon\">\n\t\t\t\t<svg aria-hidden=\"true\" class=\"e-font-icon-svg e-fas-chevron-right\" viewBox=\"0 0 320 512\" xmlns=\"http:\/\/www.w3.org\/2000\/svg\"><path d=\"M285.476 272.971L91.132 467.314c-9.373 9.373-24.569 9.373-33.941 0l-22.667-22.667c-9.357-9.357-9.375-24.522-.04-33.901L188.505 256 34.484 101.255c-9.335-9.379-9.317-24.544.04-33.901l22.667-22.667c9.373-9.373 24.569-9.373 33.941 0L285.475 239.03c9.373 9.372 9.373 24.568.001 33.941z\"><\/path><\/svg>\t\t\t<\/span>\n\t\t\t\t\t\t\t\t\t<span class=\"elementor-button-text\">Veure els nostres serveis<\/span>\n\t\t\t\t\t<\/span>\n\t\t\t\t\t<\/a>\n\t\t\t\t\t\t\t\t<\/div>\n\t\t\t\t<\/div>\n\t\t\t\t\t<\/div>\n\t\t\t\t<\/div>\n\t\t<div class=\"elementor-element elementor-element-774b460 e-flex e-con-boxed e-con e-parent\" data-id=\"774b460\" data-element_type=\"container\" data-e-type=\"container\" data-settings=\"{&quot;background_background&quot;:&quot;classic&quot;}\">\n\t\t\t\t\t<div class=\"e-con-inner\">\n\t\t\t\t<div class=\"elementor-element elementor-element-3f035cb elementor-widget-tablet__width-initial elementor-widget-mobile__width-initial elementor-widget__width-initial elementor-widget elementor-widget-heading\" data-id=\"3f035cb\" data-element_type=\"widget\" data-e-type=\"widget\" data-widget_type=\"heading.default\">\n\t\t\t\t\t<h2 class=\"elementor-heading-title elementor-size-default\">Valors que guien cada pas<\/h2>\t\t\t\t<\/div>\n\t\t<div class=\"elementor-element elementor-element-f874d7f e-con-full e-flex e-con e-child\" data-id=\"f874d7f\" data-element_type=\"container\" data-e-type=\"container\">\n\t\t<div class=\"elementor-element elementor-element-543d8f8 e-con-full e-grid e-con e-child\" data-id=\"543d8f8\" data-element_type=\"container\" data-e-type=\"container\">\n\t\t\t\t<div class=\"elementor-element elementor-element-1e7d201 elementor-widget elementor-widget-heading\" data-id=\"1e7d201\" data-element_type=\"widget\" data-e-type=\"widget\" data-widget_type=\"heading.default\">\n\t\t\t\t\t<h3 class=\"elementor-heading-title elementor-size-default\">Esfor\u00e7<\/h3>\t\t\t\t<\/div>\n\t\t\t\t<div class=\"elementor-element elementor-element-a705292 elementor-widget elementor-widget-text-editor\" data-id=\"a705292\" data-element_type=\"widget\" data-e-type=\"widget\" data-widget_type=\"text-editor.default\">\n\t\t\t\t\t\t\t\t\t<p>Treballem constantment per garantir que cada proc\u00e9s avanci de manera ordenada.<\/p>\t\t\t\t\t\t\t\t<\/div>\n\t\t\t\t<\/div>\n\t\t<div class=\"elementor-element elementor-element-eb32840 e-con-full e-grid e-con e-child\" data-id=\"eb32840\" data-element_type=\"container\" data-e-type=\"container\">\n\t\t\t\t<div class=\"elementor-element elementor-element-b63815c elementor-widget elementor-widget-heading\" data-id=\"b63815c\" data-element_type=\"widget\" data-e-type=\"widget\" data-widget_type=\"heading.default\">\n\t\t\t\t\t<h3 class=\"elementor-heading-title elementor-size-default\">Seriositat<\/h3>\t\t\t\t<\/div>\n\t\t\t\t<div class=\"elementor-element elementor-element-874411b elementor-widget elementor-widget-text-editor\" data-id=\"874411b\" data-element_type=\"widget\" data-e-type=\"widget\" data-widget_type=\"text-editor.default\">\n\t\t\t\t\t\t\t\t\t<p>Gestionem cada transacci\u00f3 amb rigor i comprom\u00eds.<\/p>\t\t\t\t\t\t\t\t<\/div>\n\t\t\t\t<\/div>\n\t\t<div class=\"elementor-element elementor-element-257b2d9 e-con-full e-grid e-con e-child\" data-id=\"257b2d9\" data-element_type=\"container\" data-e-type=\"container\">\n\t\t\t\t<div class=\"elementor-element elementor-element-74837e5 elementor-widget elementor-widget-heading\" data-id=\"74837e5\" data-element_type=\"widget\" data-e-type=\"widget\" data-widget_type=\"heading.default\">\n\t\t\t\t\t<h3 class=\"elementor-heading-title elementor-size-default\">Honestedat<\/h3>\t\t\t\t<\/div>\n\t\t\t\t<div class=\"elementor-element elementor-element-1aa8c82 elementor-widget elementor-widget-text-editor\" data-id=\"1aa8c82\" data-element_type=\"widget\" data-e-type=\"widget\" data-widget_type=\"text-editor.default\">\n\t\t\t\t\t\t\t\t\t<p>Mantenim una relaci\u00f3 transparent amb totes les parts implicades.<\/p>\t\t\t\t\t\t\t\t<\/div>\n\t\t\t\t<\/div>\n\t\t\t\t<\/div>\n\t\t\t\t\t<\/div>\n\t\t\t\t<\/div>\n\t\t<div class=\"elementor-element elementor-element-1a2cf9c e-flex e-con-boxed e-con e-parent\" data-id=\"1a2cf9c\" data-element_type=\"container\" data-e-type=\"container\">\n\t\t\t\t\t<div class=\"e-con-inner\">\n\t\t<div class=\"elementor-element elementor-element-9bf1c64 e-con-full e-flex e-con e-child\" data-id=\"9bf1c64\" data-element_type=\"container\" data-e-type=\"container\">\n\t\t<div class=\"elementor-element elementor-element-38cba09 e-con-full e-flex e-con e-child\" data-id=\"38cba09\" data-element_type=\"container\" data-e-type=\"container\">\n\t\t\t\t<div class=\"elementor-element elementor-element-02bcef4 elementor-widget elementor-widget-heading\" data-id=\"02bcef4\" data-element_type=\"widget\" data-e-type=\"widget\" data-widget_type=\"heading.default\">\n\t\t\t\t\t<span class=\"elementor-heading-title elementor-size-default\">LA NOSTRA VISI\u00d3<\/span>\t\t\t\t<\/div>\n\t\t\t\t<div class=\"elementor-element elementor-element-51c61cd elementor-widget elementor-widget-heading\" data-id=\"51c61cd\" data-element_type=\"widget\" data-e-type=\"widget\" data-widget_type=\"heading.default\">\n\t\t\t\t\t<h2 class=\"elementor-heading-title elementor-size-default\">Mirem el futur amb ambici\u00f3 i responsabilitat.<\/h2>\t\t\t\t<\/div>\n\t\t\t\t<\/div>\n\t\t\t\t<div class=\"elementor-element elementor-element-333740c elementor-widget elementor-widget-text-editor\" data-id=\"333740c\" data-element_type=\"widget\" data-e-type=\"widget\" data-widget_type=\"text-editor.default\">\n\t\t\t\t\t\t\t\t\t<p>A Terramar Castelldefels treballem amb una idea molt clara: oferir un servei immobiliari modern i transparent, adaptat a les necessitats reals de cada client. Entenem el mercat local i acompanyem cada transacci\u00f3 amb rigor, dedicaci\u00f3 i atenci\u00f3 personalitzada de principi a fi.<\/p>\t\t\t\t\t\t\t\t<\/div>\n\t\t\t\t<div class=\"elementor-element elementor-element-ced0c95 elementor-widget elementor-widget-button\" data-id=\"ced0c95\" data-element_type=\"widget\" data-e-type=\"widget\" data-widget_type=\"button.default\">\n\t\t\t\t\t\t\t\t\t\t<a class=\"elementor-button elementor-size-sm\" role=\"button\">\n\t\t\t\t\t\t<span class=\"elementor-button-content-wrapper\">\n\t\t\t\t\t\t<span class=\"elementor-button-icon\">\n\t\t\t\t<svg aria-hidden=\"true\" class=\"e-font-icon-svg e-fas-chevron-right\" viewBox=\"0 0 320 512\" xmlns=\"http:\/\/www.w3.org\/2000\/svg\"><path d=\"M285.476 272.971L91.132 467.314c-9.373 9.373-24.569 9.373-33.941 0l-22.667-22.667c-9.357-9.357-9.375-24.522-.04-33.901L188.505 256 34.484 101.255c-9.335-9.379-9.317-24.544.04-33.901l22.667-22.667c9.373-9.373 24.569-9.373 33.941 0L285.475 239.03c9.373 9.372 9.373 24.568.001 33.941z\"><\/path><\/svg>\t\t\t<\/span>\n\t\t\t\t\t\t\t\t\t<span class=\"elementor-button-text\">Contacta amb nosaltres<\/span>\n\t\t\t\t\t<\/span>\n\t\t\t\t\t<\/a>\n\t\t\t\t\t\t\t\t<\/div>\n\t\t\t\t<\/div>\n\t\t<div class=\"elementor-element elementor-element-526979c e-con-full e-flex e-con e-child\" data-id=\"526979c\" data-element_type=\"container\" data-e-type=\"container\">\n\t\t\t\t<div class=\"elementor-element elementor-element-ebcaef4 elementor-widget elementor-widget-image\" data-id=\"ebcaef4\" data-element_type=\"widget\" data-e-type=\"widget\" data-widget_type=\"image.default\">\n\t\t\t\t\t\t\t\t\t\t\t\t\t\t\t<img fetchpriority=\"high\" decoding=\"async\" width=\"800\" height=\"800\" src=\"https:\/\/www.terramar-inmobiliaria.com\/wp-content\/uploads\/2025\/12\/nosotros-ftd-1024x1024.webp\" class=\"attachment-large size-large wp-image-347\" alt=\"\" srcset=\"https:\/\/www.terramar-inmobiliaria.com\/wp-content\/uploads\/2025\/12\/nosotros-ftd-1024x1024.webp 1024w, https:\/\/www.terramar-inmobiliaria.com\/wp-content\/uploads\/2025\/12\/nosotros-ftd-300x300.webp 300w, https:\/\/www.terramar-inmobiliaria.com\/wp-content\/uploads\/2025\/12\/nosotros-ftd-150x150.webp 150w, https:\/\/www.terramar-inmobiliaria.com\/wp-content\/uploads\/2025\/12\/nosotros-ftd-768x768.webp 768w, https:\/\/www.terramar-inmobiliaria.com\/wp-content\/uploads\/2025\/12\/nosotros-ftd.webp 1123w\" sizes=\"(max-width: 800px) 100vw, 800px\" \/>\t\t\t\t\t\t\t\t\t\t\t\t\t\t\t<\/div>\n\t\t\t\t<\/div>\n\t\t\t\t\t<\/div>\n\t\t\t\t<\/div>\n\t\t\t\t<\/div>\n\t\t","protected":false},"excerpt":{"rendered":"<p>Sobre Nosaltres QUI SOM Una ag\u00e8ncia immobili\u00e0ria local, professional i orientada a resultats A Terramar Castelldefels treballem amb una idea molt clara: oferir un servei immobiliari modern i transparent, adaptat a les necessitats reals de cada client. Entenem el mercat local i acompanyem cada transacci\u00f3 amb rigor, dedicaci\u00f3 i atenci\u00f3 personalitzada de principi a fi. [&hellip;]<\/p>\n","protected":false},"author":1,"featured_media":0,"parent":0,"menu_order":0,"comment_status":"closed","ping_status":"closed","template":"elementor_header_footer","meta":{"_acf_changed":false,"footnotes":""},"class_list":["post-350","page","type-page","status-publish","hentry"],"acf":[],"yoast_head":"<!-- This site is optimized with the Yoast SEO plugin v27.3 - https:\/\/yoast.com\/product\/yoast-seo-wordpress\/ -->\n<title>Sobre Nosaltres - Terramar Castelldefels<\/title>\n<meta name=\"robots\" content=\"index, follow, max-snippet:-1, max-image-preview:large, max-video-preview:-1\" \/>\n<link rel=\"canonical\" href=\"https:\/\/www.terramar-inmobiliaria.com\/ca\/sobre-nosaltres\/\" \/>\n<meta property=\"og:locale\" content=\"ca_ES\" \/>\n<meta property=\"og:type\" content=\"article\" \/>\n<meta property=\"og:title\" content=\"Sobre Nosaltres - Terramar Castelldefels\" \/>\n<meta property=\"og:description\" content=\"Sobre Nosaltres QUI SOM Una ag\u00e8ncia immobili\u00e0ria local, professional i orientada a resultats A Terramar Castelldefels treballem amb una idea molt clara: oferir un servei immobiliari modern i transparent, adaptat a les necessitats reals de cada client. Entenem el mercat local i acompanyem cada transacci\u00f3 amb rigor, dedicaci\u00f3 i atenci\u00f3 personalitzada de principi a fi. [&hellip;]\" \/>\n<meta property=\"og:url\" content=\"https:\/\/www.terramar-inmobiliaria.com\/ca\/sobre-nosaltres\/\" \/>\n<meta property=\"og:site_name\" content=\"Terramar Castelldefels\" \/>\n<meta property=\"article:modified_time\" content=\"2026-02-23T10:57:09+00:00\" \/>\n<meta property=\"og:image\" content=\"https:\/\/www.terramar-inmobiliaria.com\/wp-content\/uploads\/2025\/12\/nosotros-ftd.webp\" \/>\n\t<meta property=\"og:image:width\" content=\"1123\" \/>\n\t<meta property=\"og:image:height\" content=\"1123\" \/>\n\t<meta property=\"og:image:type\" content=\"image\/webp\" \/>\n<meta name=\"twitter:card\" content=\"summary_large_image\" \/>\n<meta name=\"twitter:label1\" content=\"Temps estimat de lectura\" \/>\n\t<meta name=\"twitter:data1\" content=\"1 minut\" \/>\n<script type=\"application\/ld+json\" class=\"yoast-schema-graph\">{\"@context\":\"https:\\\/\\\/schema.org\",\"@graph\":[{\"@type\":\"WebPage\",\"@id\":\"https:\\\/\\\/www.terramar-inmobiliaria.com\\\/ca\\\/sobre-nosaltres\\\/\",\"url\":\"https:\\\/\\\/www.terramar-inmobiliaria.com\\\/ca\\\/sobre-nosaltres\\\/\",\"name\":\"Sobre Nosaltres - Terramar Castelldefels\",\"isPartOf\":{\"@id\":\"https:\\\/\\\/www.terramar-inmobiliaria.com\\\/#website\"},\"primaryImageOfPage\":{\"@id\":\"https:\\\/\\\/www.terramar-inmobiliaria.com\\\/ca\\\/sobre-nosaltres\\\/#primaryimage\"},\"image\":{\"@id\":\"https:\\\/\\\/www.terramar-inmobiliaria.com\\\/ca\\\/sobre-nosaltres\\\/#primaryimage\"},\"thumbnailUrl\":\"https:\\\/\\\/www.terramar-inmobiliaria.com\\\/wp-content\\\/uploads\\\/2025\\\/12\\\/nosotros-ftd-1024x1024.webp\",\"datePublished\":\"2025-12-10T12:48:58+00:00\",\"dateModified\":\"2026-02-23T10:57:09+00:00\",\"breadcrumb\":{\"@id\":\"https:\\\/\\\/www.terramar-inmobiliaria.com\\\/ca\\\/sobre-nosaltres\\\/#breadcrumb\"},\"inLanguage\":\"ca\",\"potentialAction\":[{\"@type\":\"ReadAction\",\"target\":[\"https:\\\/\\\/www.terramar-inmobiliaria.com\\\/ca\\\/sobre-nosaltres\\\/\"]}]},{\"@type\":\"ImageObject\",\"inLanguage\":\"ca\",\"@id\":\"https:\\\/\\\/www.terramar-inmobiliaria.com\\\/ca\\\/sobre-nosaltres\\\/#primaryimage\",\"url\":\"https:\\\/\\\/www.terramar-inmobiliaria.com\\\/wp-content\\\/uploads\\\/2025\\\/12\\\/nosotros-ftd-1024x1024.webp\",\"contentUrl\":\"https:\\\/\\\/www.terramar-inmobiliaria.com\\\/wp-content\\\/uploads\\\/2025\\\/12\\\/nosotros-ftd-1024x1024.webp\"},{\"@type\":\"BreadcrumbList\",\"@id\":\"https:\\\/\\\/www.terramar-inmobiliaria.com\\\/ca\\\/sobre-nosaltres\\\/#breadcrumb\",\"itemListElement\":[{\"@type\":\"ListItem\",\"position\":1,\"name\":\"Home\",\"item\":\"https:\\\/\\\/www.terramar-inmobiliaria.com\\\/ca\\\/home\\\/\"},{\"@type\":\"ListItem\",\"position\":2,\"name\":\"Sobre Nosaltres\"}]},{\"@type\":\"WebSite\",\"@id\":\"https:\\\/\\\/www.terramar-inmobiliaria.com\\\/#website\",\"url\":\"https:\\\/\\\/www.terramar-inmobiliaria.com\\\/\",\"name\":\"Terramar Castelldefels\",\"description\":\"\",\"publisher\":{\"@id\":\"https:\\\/\\\/www.terramar-inmobiliaria.com\\\/#organization\"},\"potentialAction\":[{\"@type\":\"SearchAction\",\"target\":{\"@type\":\"EntryPoint\",\"urlTemplate\":\"https:\\\/\\\/www.terramar-inmobiliaria.com\\\/?s={search_term_string}\"},\"query-input\":{\"@type\":\"PropertyValueSpecification\",\"valueRequired\":true,\"valueName\":\"search_term_string\"}}],\"inLanguage\":\"ca\"},{\"@type\":\"Organization\",\"@id\":\"https:\\\/\\\/www.terramar-inmobiliaria.com\\\/#organization\",\"name\":\"Terramar Castelldefels\",\"url\":\"https:\\\/\\\/www.terramar-inmobiliaria.com\\\/\",\"logo\":{\"@type\":\"ImageObject\",\"inLanguage\":\"ca\",\"@id\":\"https:\\\/\\\/www.terramar-inmobiliaria.com\\\/#\\\/schema\\\/logo\\\/image\\\/\",\"url\":\"https:\\\/\\\/www.terramar-inmobiliaria.com\\\/wp-content\\\/uploads\\\/2025\\\/12\\\/Terramar-logo.png\",\"contentUrl\":\"https:\\\/\\\/www.terramar-inmobiliaria.com\\\/wp-content\\\/uploads\\\/2025\\\/12\\\/Terramar-logo.png\",\"width\":618,\"height\":168,\"caption\":\"Terramar Castelldefels\"},\"image\":{\"@id\":\"https:\\\/\\\/www.terramar-inmobiliaria.com\\\/#\\\/schema\\\/logo\\\/image\\\/\"}}]}<\/script>\n<!-- \/ Yoast SEO plugin. -->","yoast_head_json":{"title":"Sobre Nosaltres - Terramar Castelldefels","robots":{"index":"index","follow":"follow","max-snippet":"max-snippet:-1","max-image-preview":"max-image-preview:large","max-video-preview":"max-video-preview:-1"},"canonical":"https:\/\/www.terramar-inmobiliaria.com\/ca\/sobre-nosaltres\/","og_locale":"ca_ES","og_type":"article","og_title":"Sobre Nosaltres - Terramar Castelldefels","og_description":"Sobre Nosaltres QUI SOM Una ag\u00e8ncia immobili\u00e0ria local, professional i orientada a resultats A Terramar Castelldefels treballem amb una idea molt clara: oferir un servei immobiliari modern i transparent, adaptat a les necessitats reals de cada client. Entenem el mercat local i acompanyem cada transacci\u00f3 amb rigor, dedicaci\u00f3 i atenci\u00f3 personalitzada de principi a fi. [&hellip;]","og_url":"https:\/\/www.terramar-inmobiliaria.com\/ca\/sobre-nosaltres\/","og_site_name":"Terramar Castelldefels","article_modified_time":"2026-02-23T10:57:09+00:00","og_image":[{"width":1123,"height":1123,"url":"https:\/\/www.terramar-inmobiliaria.com\/wp-content\/uploads\/2025\/12\/nosotros-ftd.webp","type":"image\/webp"}],"twitter_card":"summary_large_image","twitter_misc":{"Temps estimat de lectura":"1 minut"},"schema":{"@context":"https:\/\/schema.org","@graph":[{"@type":"WebPage","@id":"https:\/\/www.terramar-inmobiliaria.com\/ca\/sobre-nosaltres\/","url":"https:\/\/www.terramar-inmobiliaria.com\/ca\/sobre-nosaltres\/","name":"Sobre Nosaltres - Terramar Castelldefels","isPartOf":{"@id":"https:\/\/www.terramar-inmobiliaria.com\/#website"},"primaryImageOfPage":{"@id":"https:\/\/www.terramar-inmobiliaria.com\/ca\/sobre-nosaltres\/#primaryimage"},"image":{"@id":"https:\/\/www.terramar-inmobiliaria.com\/ca\/sobre-nosaltres\/#primaryimage"},"thumbnailUrl":"https:\/\/www.terramar-inmobiliaria.com\/wp-content\/uploads\/2025\/12\/nosotros-ftd-1024x1024.webp","datePublished":"2025-12-10T12:48:58+00:00","dateModified":"2026-02-23T10:57:09+00:00","breadcrumb":{"@id":"https:\/\/www.terramar-inmobiliaria.com\/ca\/sobre-nosaltres\/#breadcrumb"},"inLanguage":"ca","potentialAction":[{"@type":"ReadAction","target":["https:\/\/www.terramar-inmobiliaria.com\/ca\/sobre-nosaltres\/"]}]},{"@type":"ImageObject","inLanguage":"ca","@id":"https:\/\/www.terramar-inmobiliaria.com\/ca\/sobre-nosaltres\/#primaryimage","url":"https:\/\/www.terramar-inmobiliaria.com\/wp-content\/uploads\/2025\/12\/nosotros-ftd-1024x1024.webp","contentUrl":"https:\/\/www.terramar-inmobiliaria.com\/wp-content\/uploads\/2025\/12\/nosotros-ftd-1024x1024.webp"},{"@type":"BreadcrumbList","@id":"https:\/\/www.terramar-inmobiliaria.com\/ca\/sobre-nosaltres\/#breadcrumb","itemListElement":[{"@type":"ListItem","position":1,"name":"Home","item":"https:\/\/www.terramar-inmobiliaria.com\/ca\/home\/"},{"@type":"ListItem","position":2,"name":"Sobre Nosaltres"}]},{"@type":"WebSite","@id":"https:\/\/www.terramar-inmobiliaria.com\/#website","url":"https:\/\/www.terramar-inmobiliaria.com\/","name":"Terramar Castelldefels","description":"","publisher":{"@id":"https:\/\/www.terramar-inmobiliaria.com\/#organization"},"potentialAction":[{"@type":"SearchAction","target":{"@type":"EntryPoint","urlTemplate":"https:\/\/www.terramar-inmobiliaria.com\/?s={search_term_string}"},"query-input":{"@type":"PropertyValueSpecification","valueRequired":true,"valueName":"search_term_string"}}],"inLanguage":"ca"},{"@type":"Organization","@id":"https:\/\/www.terramar-inmobiliaria.com\/#organization","name":"Terramar Castelldefels","url":"https:\/\/www.terramar-inmobiliaria.com\/","logo":{"@type":"ImageObject","inLanguage":"ca","@id":"https:\/\/www.terramar-inmobiliaria.com\/#\/schema\/logo\/image\/","url":"https:\/\/www.terramar-inmobiliaria.com\/wp-content\/uploads\/2025\/12\/Terramar-logo.png","contentUrl":"https:\/\/www.terramar-inmobiliaria.com\/wp-content\/uploads\/2025\/12\/Terramar-logo.png","width":618,"height":168,"caption":"Terramar Castelldefels"},"image":{"@id":"https:\/\/www.terramar-inmobiliaria.com\/#\/schema\/logo\/image\/"}}]}},"_links":{"self":[{"href":"https:\/\/www.terramar-inmobiliaria.com\/ca\/wp-json\/wp\/v2\/pages\/350","targetHints":{"allow":["GET"]}}],"collection":[{"href":"https:\/\/www.terramar-inmobiliaria.com\/ca\/wp-json\/wp\/v2\/pages"}],"about":[{"href":"https:\/\/www.terramar-inmobiliaria.com\/ca\/wp-json\/wp\/v2\/types\/page"}],"author":[{"embeddable":true,"href":"https:\/\/www.terramar-inmobiliaria.com\/ca\/wp-json\/wp\/v2\/users\/1"}],"replies":[{"embeddable":true,"href":"https:\/\/www.terramar-inmobiliaria.com\/ca\/wp-json\/wp\/v2\/comments?post=350"}],"version-history":[{"count":2,"href":"https:\/\/www.terramar-inmobiliaria.com\/ca\/wp-json\/wp\/v2\/pages\/350\/revisions"}],"predecessor-version":[{"id":463,"href":"https:\/\/www.terramar-inmobiliaria.com\/ca\/wp-json\/wp\/v2\/pages\/350\/revisions\/463"}],"wp:attachment":[{"href":"https:\/\/www.terramar-inmobiliaria.com\/ca\/wp-json\/wp\/v2\/media?parent=350"}],"curies":[{"name":"wp","href":"https:\/\/api.w.org\/{rel}","templated":true}]}}